{"id":448,"date":"2025-10-01T17:33:21","date_gmt":"2025-10-01T17:33:21","guid":{"rendered":"https:\/\/matmat54.ch\/?page_id=448"},"modified":"2026-03-27T18:55:45","modified_gmt":"2026-03-27T18:55:45","slug":"laif-foundation","status":"publish","type":"page","link":"https:\/\/matmat54.ch\/index.php\/laif-foundation\/","title":{"rendered":"laif foundation"},"content":{"rendered":"<div class=\"brz brz-root__container brz-reset-all brz-root__container-page\" >\n<section id=\"eHrMBG41jNd0_eHrMBG41jNd0\" class=\"brz-section brz-css-pizr8x brz-css-9m84tt\">\n<div class=\"brz-section__content brz-section--boxed brz-css-gt6p66 brz-css-1tq1faf\" data-brz-custom-id=\"pTOPt_aFjVES\">\n<div class=\"brz-bg\">\n<div class=\"brz-bg-color\"><\/div>\n<\/div>\n<div class=\"brz-container brz-css-1p3soit brz-css-10fs37t\">\n<div id=\"\" class=\"brz-css-s4c2f8 brz-css-1c40j7 brz-wrapper\">\n<div class=\"brz-rich-text brz-rich-text__custom brz-css-1his0f6 brz-css-10l89k8\" data-brz-custom-id=\"icstw6xDUTQs\">\n<div data-brz-translate-text=\"1\">\n<p class=\"brz-bcp-color2 brz-text-lg-center brz-tp-lg-heading2 brz-css-kRZXo\" data-generated-css=\"brz-css-mfZ7r\" data-uniq-id=\"diMrb\"><span style=\"color: rgba(var(--brz-global-color2),1);\" class=\"brz-cp-color2\">laif foundation<\/span><\/p>\n<\/div>\n<\/div>\n<\/div>\n<\/div>\n<\/div>\n<\/section>\n<section id=\"vT2IEXIsZwPd_vT2IEXIsZwPd\" class=\"brz-section brz-css-135jf3v brz-css-111fy61\">\n<div class=\"brz-section__content brz-section--boxed brz-css-h11ckm brz-css-1ybivqu\" data-brz-custom-id=\"dIAUb3o4582w\">\n<div class=\"brz-bg\">\n<div class=\"brz-bg-color\"><\/div>\n<\/div>\n<div class=\"brz-container brz-css-98d97x brz-css-h15wn5\">\n<div id=\"\" class=\"brz-css-1rl4v0o brz-css-og3e5j brz-wrapper\">\n<div class=\"brz-wp__breadcrumbs brz-css-9daek1 brz-css-1pk21xb\" data-brz-custom-id=\"tScOJ70NmzxP\">\n<div style=\"min-height:20px\"><\/div>\n<\/div>\n<\/div>\n<div id=\"\" class=\"brz-css-1rl4v0o brz-css-ztobvc brz-css-xb3adl brz-wrapper\">\n<div class=\"brz-spacer brz-css-wd5i7g brz-css-1deeaxh\"><\/div>\n<\/div>\n<div id=\"\" class=\"brz-css-1rl4v0o brz-css-18mvvs4 brz-wrapper\">\n<div class=\"brz-video brz-youtube-video brz-video-on-controls-hidden brz-css-1n9qe9t\" data-brz-custom-id=\"llrMRVax3nKE\">\n<div class=\"brz-video-content\" data-loop=\"false\" data-muted=\"false\" data-autoplay=\"off\">\n<div class=\"video-wrapper brz-image-fix-16-9\">\n<div class=\"brz-video-data brz-hidden\" data-src=\"https:\/\/www.youtube.com\/embed\/funcmHLpFBI?autoplay=0&amp;controls=1&amp;start=0&amp;end=0&amp;modestbranding=0&amp;wmode=transparent&amp;enablejsapi=1&amp;loop=0&amp;rel=0&amp;mute=0\" data-population=\"\" data-controls=\"true\" data-branding=\"true\" data-intro=\"true\" data-start=\"0\" data-end=\"0\" data-loop=\"false\" data-autoplay=\"off\"><\/div>\n<p><iframe loading=\"lazy\" allowfullscreen=\"\" class=\"intrinsic-ignore brz-iframe\" src=\"https:\/\/www.youtube.com\/embed\/funcmHLpFBI?autoplay=0&amp;controls=1&amp;start=0&amp;end=0&amp;modestbranding=0&amp;wmode=transparent&amp;enablejsapi=1&amp;loop=0&amp;rel=0&amp;mute=0\" title=\"video\"><\/iframe><\/div>\n<\/div>\n<\/div>\n<\/div>\n<\/div>\n<\/div>\n<\/section>\n<section id=\"lgSxebDvZhyf_lgSxebDvZhyf\" class=\"brz-section brz-css-qaa2o0 brz-css-17e67y8\">\n<div class=\"brz-section__content brz-section--boxed brz-css-h1vwx1 brz-css-68t712\" data-brz-custom-id=\"eoGSBlXO1jKI\">\n<div class=\"brz-bg\">\n<div class=\"brz-bg-color\"><\/div>\n<\/div>\n<div class=\"brz-container brz-css-1ir95gt brz-css-1k3njnn\">\n<div id=\"\" class=\"brz-css-2853o9 brz-css-1i4oo2 brz-wrapper\">\n<div class=\"brz-rich-text brz-rich-text__custom brz-css-12oy22h brz-css-nigwvc\" data-brz-custom-id=\"zrlI7_g58tDr\">\n<div data-brz-translate-text=\"1\">\n<p class=\"brz-tp-lg-paragraph brz-css-lj5PM\" data-generated-css=\"brz-css-x5w1i\" data-uniq-id=\"pE76_\"><span class=\"brz-cp-color7\">Fotojournalismus ist ein zentraler Bestandteil der Demokratie. Er zeigt Realit\u00e4t, schafft Bewusstsein und dokumentiert, was Worte oft nicht ausdr\u00fccken k\u00f6nnen. Mit unserem Gruppenprojekt&nbsp;<\/span><strong class=\"brz-cp-color7\">VR-laif<\/strong><span class=\"brz-cp-color7\">&nbsp;wollten wir genau diesen Wert erlebbar machen \u2013 durch Virtual Reality.<\/span><\/p>\n<p class=\"brz-tp-lg-paragraph brz-css-gMdbm\" data-generated-css=\"brz-css-pTTQD\" data-uniq-id=\"cc9sj\"><span class=\"brz-cp-color7\">Unser Ziel war es, ein immersives Erlebnis zu schaffen, das Nutzer:innen mitten in die Welt des Fotojournalismus eintauchen l\u00e4sst. Statt nur zu beobachten, sollen sie das Geschehen aus n\u00e4chster N\u00e4he sp\u00fcren, um ein neues Verst\u00e4ndnis f\u00fcr die Arbeit und Verantwortung von Fotojournalist:innen zu gewinnen.<\/span><\/p>\n<p class=\"brz-tp-lg-paragraph brz-css-dljUV\" data-generated-css=\"brz-css-yfWlf\" data-uniq-id=\"oKcB2\"><span class=\"brz-cp-color7\"> <\/span><\/p>\n<p class=\"brz-tp-lg-paragraph brz-css-prOC8\" data-generated-css=\"brz-css-bOHAA\" data-uniq-id=\"dQdSX\"><span class=\"brz-cp-color7\">Das Projekt entstand im Rahmen eines interdisziplin\u00e4ren Studios und vereinte Forschung, Design und Technologie. Auf Grundlage qualitativer Interviews und theoretischer Erkenntnisse entwickelten wir eine&nbsp;<\/span><strong class=\"brz-cp-color7\">VR-Galerie<\/strong><span class=\"brz-cp-color7\">, die authentische Bilder in einem virtuellen Raum erlebbar macht. Erg\u00e4nzend entstand ein&nbsp;<\/span><strong class=\"brz-cp-color7\">Monetarisierungskonzept<\/strong><span class=\"brz-cp-color7\">, das neue Wege aufzeigt, wie Fotojournalismus nachhaltig unterst\u00fctzt werden kann.<\/span><\/p>\n<p class=\"brz-tp-lg-paragraph brz-css-lhCdI\" data-generated-css=\"brz-css-rMAUV\" data-uniq-id=\"wvY2d\"><span class=\"brz-cp-color7\"> <\/span><\/p>\n<h3 class=\"brz-tp-lg-heading3 brz-css-nqKE_\" data-generated-css=\"brz-css-p_BET\" data-uniq-id=\"pC8yB\"><span class=\"brz-cp-color7\">Mein Beitrag<\/span><\/h3>\n<h3 data-generated-css=\"brz-css-p_BET\" data-uniq-id=\"pC8yB\" class=\"brz-tp-lg-heading3 brz-css-qxi2E\"><span class=\"brz-cp-color7\"> <\/span><\/h3>\n<p class=\"brz-tp-lg-paragraph brz-css-q1OUQ\" data-generated-css=\"brz-css-kmay0\" data-uniq-id=\"oh1JB\"><span class=\"brz-cp-color7\">Ich war im Team hauptverantwortlich f\u00fcr die&nbsp;<\/span><strong class=\"brz-cp-color7\">technische Umsetzung des VR-Prototyps<\/strong><span class=\"brz-cp-color7\">&nbsp;in Unity. Dazu geh\u00f6rte die Entwicklung der interaktiven Galerie, das Einbinden der 360\u00b0-Videos, die Navigation und der Sound. Au\u00dferdem verfasste ich die&nbsp;<\/span><strong class=\"brz-cp-color7\">Einleitung der wissenschaftlichen Arbeit<\/strong><span class=\"brz-cp-color7\">&nbsp;und unterst\u00fctze auch bei einem Video..<\/span><\/p>\n<p class=\"brz-tp-lg-paragraph brz-css-f5a9h\" data-generated-css=\"brz-css-tE8Pq\" data-uniq-id=\"t0gzj\"><span class=\"brz-cp-color7\"> <\/span><\/p>\n<p class=\"brz-tp-lg-paragraph brz-css-jwGgP\" data-generated-css=\"brz-css-zirgB\" data-uniq-id=\"ew7HF\"><span class=\"brz-cp-color7\">Die Arbeit mit Unity war herausfordernd, aber unglaublich lehrreich. Besonders spannend war, wie sich kreative Ideen in ein funktionierendes, immersives Erlebnis \u00fcbersetzen lassen. Trotz mancher technischer H\u00fcrden sowie einer engen Deadline war es ein Projekt, das nicht nur Wissen, sondern auch Teamgeist und Ausdauer verlangte.<\/span><\/p>\n<p class=\"brz-tp-lg-paragraph brz-css-v6OJ_\" data-generated-css=\"brz-css-hl5l2\" data-uniq-id=\"iMWaJ\"><span class=\"brz-cp-color7\"> <\/span><\/p>\n<p class=\"brz-tp-lg-paragraph brz-css-csceN\" data-generated-css=\"brz-css-cqMPN\" data-uniq-id=\"jA8MP\"><span class=\"brz-cp-color7\">Am Ende entstand ein Produkt, das zeigt:&nbsp;<\/span><strong class=\"brz-cp-color7\">Authentischer Journalismus kann auch digital ber\u00fchren<\/strong><span class=\"brz-cp-color7\">&nbsp;\u2013 und Virtual Reality kann helfen, seine Bedeutung in einer neuen Dimension zu vermitteln.<\/span><\/p>\n<\/div>\n<\/div>\n<\/div>\n<\/div>\n<\/div>\n<\/section><\/div>\n<p><!-- version:1760011607 --><\/p>\n","protected":false},"excerpt":{"rendered":"<p>laif foundation Fotojournalismus ist ein zentraler Bestandteil der Demokratie. Er zeigt Realit\u00e4t, schafft Bewusstsein und dokumentiert, was Worte oft nicht ausdr\u00fccken k\u00f6nnen. Mit unserem Gruppenprojekt&nbsp;VR-laif&nbsp;wollten wir genau diesen Wert erlebbar machen \u2013 durch Virtual Reality. Unser Ziel war es, ein immersives Erlebnis zu schaffen, das Nutzer:innen mitten in die Welt des Fotojournalismus eintauchen l\u00e4sst. Statt [&hellip;]<\/p>\n","protected":false},"author":1,"featured_media":0,"parent":0,"menu_order":0,"comment_status":"closed","ping_status":"closed","template":"brizy-blank-template.php","meta":{"footnotes":""},"class_list":["post-448","page","type-page","status-publish","hentry"],"blocksy_meta":[],"yoast_head":"<!-- This site is optimized with the Yoast SEO plugin v27.2 - https:\/\/yoast.com\/product\/yoast-seo-wordpress\/ -->\n<title>laif foundation - Matej Matolic<\/title>\n<meta name=\"robots\" content=\"index, follow, max-snippet:-1, max-image-preview:large, max-video-preview:-1\" \/>\n<link rel=\"canonical\" href=\"https:\/\/matmat54.ch\/index.php\/laif-foundation\/\" \/>\n<meta property=\"og:locale\" content=\"de_DE\" \/>\n<meta property=\"og:type\" content=\"article\" \/>\n<meta property=\"og:title\" content=\"laif foundation - Matej Matolic\" \/>\n<meta property=\"og:description\" content=\"laif foundation Fotojournalismus ist ein zentraler Bestandteil der Demokratie. Er zeigt Realit\u00e4t, schafft Bewusstsein und dokumentiert, was Worte oft nicht ausdr\u00fccken k\u00f6nnen. Mit unserem Gruppenprojekt&nbsp;VR-laif&nbsp;wollten wir genau diesen Wert erlebbar machen \u2013 durch Virtual Reality. Unser Ziel war es, ein immersives Erlebnis zu schaffen, das Nutzer:innen mitten in die Welt des Fotojournalismus eintauchen l\u00e4sst. Statt [&hellip;]\" \/>\n<meta property=\"og:url\" content=\"https:\/\/matmat54.ch\/index.php\/laif-foundation\/\" \/>\n<meta property=\"og:site_name\" content=\"Matej Matolic\" \/>\n<meta property=\"article:modified_time\" content=\"2026-03-27T18:55:45+00:00\" \/>\n<meta name=\"twitter:card\" content=\"summary_large_image\" \/>\n<meta name=\"twitter:label1\" content=\"Gesch\u00e4tzte Lesezeit\" \/>\n\t<meta name=\"twitter:data1\" content=\"1\u00a0Minute\" \/>\n<script type=\"application\/ld+json\" class=\"yoast-schema-graph\">{\"@context\":\"https:\/\/schema.org\",\"@graph\":[{\"@type\":\"WebPage\",\"@id\":\"https:\/\/matmat54.ch\/index.php\/laif-foundation\/\",\"url\":\"https:\/\/matmat54.ch\/index.php\/laif-foundation\/\",\"name\":\"laif foundation - Matej Matolic\",\"isPartOf\":{\"@id\":\"https:\/\/matmat54.ch\/#website\"},\"datePublished\":\"2025-10-01T17:33:21+00:00\",\"dateModified\":\"2026-03-27T18:55:45+00:00\",\"breadcrumb\":{\"@id\":\"https:\/\/matmat54.ch\/index.php\/laif-foundation\/#breadcrumb\"},\"inLanguage\":\"de\",\"potentialAction\":[{\"@type\":\"ReadAction\",\"target\":[\"https:\/\/matmat54.ch\/index.php\/laif-foundation\/\"]}]},{\"@type\":\"BreadcrumbList\",\"@id\":\"https:\/\/matmat54.ch\/index.php\/laif-foundation\/#breadcrumb\",\"itemListElement\":[{\"@type\":\"ListItem\",\"position\":1,\"name\":\"Startseite\",\"item\":\"https:\/\/matmat54.ch\/\"},{\"@type\":\"ListItem\",\"position\":2,\"name\":\"laif foundation\"}]},{\"@type\":\"WebSite\",\"@id\":\"https:\/\/matmat54.ch\/#website\",\"url\":\"https:\/\/matmat54.ch\/\",\"name\":\"Matej Matolic\",\"description\":\"Portfolio\",\"publisher\":{\"@id\":\"https:\/\/matmat54.ch\/#\/schema\/person\/7d2d744e0437f5ffeeb4c1bc74b075f5\"},\"potentialAction\":[{\"@type\":\"SearchAction\",\"target\":{\"@type\":\"EntryPoint\",\"urlTemplate\":\"https:\/\/matmat54.ch\/?s={search_term_string}\"},\"query-input\":{\"@type\":\"PropertyValueSpecification\",\"valueRequired\":true,\"valueName\":\"search_term_string\"}}],\"inLanguage\":\"de\"},{\"@type\":[\"Person\",\"Organization\"],\"@id\":\"https:\/\/matmat54.ch\/#\/schema\/person\/7d2d744e0437f5ffeeb4c1bc74b075f5\",\"name\":\"admin\",\"image\":{\"@type\":\"ImageObject\",\"inLanguage\":\"de\",\"@id\":\"https:\/\/matmat54.ch\/wp-content\/uploads\/2025\/09\/matmat.png\",\"url\":\"https:\/\/matmat54.ch\/wp-content\/uploads\/2025\/09\/matmat.png\",\"contentUrl\":\"https:\/\/matmat54.ch\/wp-content\/uploads\/2025\/09\/matmat.png\",\"width\":1024,\"height\":1024,\"caption\":\"admin\"},\"logo\":{\"@id\":\"https:\/\/matmat54.ch\/wp-content\/uploads\/2025\/09\/matmat.png\"},\"sameAs\":[\"https:\/\/matmat54.ch\",\"https:\/\/www.linkedin.com\/in\/matej-matolic-b41049220\/\"]}]}<\/script>\n<!-- \/ Yoast SEO plugin. -->","yoast_head_json":{"title":"laif foundation - Matej Matolic","robots":{"index":"index","follow":"follow","max-snippet":"max-snippet:-1","max-image-preview":"max-image-preview:large","max-video-preview":"max-video-preview:-1"},"canonical":"https:\/\/matmat54.ch\/index.php\/laif-foundation\/","og_locale":"de_DE","og_type":"article","og_title":"laif foundation - Matej Matolic","og_description":"laif foundation Fotojournalismus ist ein zentraler Bestandteil der Demokratie. Er zeigt Realit\u00e4t, schafft Bewusstsein und dokumentiert, was Worte oft nicht ausdr\u00fccken k\u00f6nnen. Mit unserem Gruppenprojekt&nbsp;VR-laif&nbsp;wollten wir genau diesen Wert erlebbar machen \u2013 durch Virtual Reality. Unser Ziel war es, ein immersives Erlebnis zu schaffen, das Nutzer:innen mitten in die Welt des Fotojournalismus eintauchen l\u00e4sst. Statt [&hellip;]","og_url":"https:\/\/matmat54.ch\/index.php\/laif-foundation\/","og_site_name":"Matej Matolic","article_modified_time":"2026-03-27T18:55:45+00:00","twitter_card":"summary_large_image","twitter_misc":{"Gesch\u00e4tzte Lesezeit":"1\u00a0Minute"},"schema":{"@context":"https:\/\/schema.org","@graph":[{"@type":"WebPage","@id":"https:\/\/matmat54.ch\/index.php\/laif-foundation\/","url":"https:\/\/matmat54.ch\/index.php\/laif-foundation\/","name":"laif foundation - Matej Matolic","isPartOf":{"@id":"https:\/\/matmat54.ch\/#website"},"datePublished":"2025-10-01T17:33:21+00:00","dateModified":"2026-03-27T18:55:45+00:00","breadcrumb":{"@id":"https:\/\/matmat54.ch\/index.php\/laif-foundation\/#breadcrumb"},"inLanguage":"de","potentialAction":[{"@type":"ReadAction","target":["https:\/\/matmat54.ch\/index.php\/laif-foundation\/"]}]},{"@type":"BreadcrumbList","@id":"https:\/\/matmat54.ch\/index.php\/laif-foundation\/#breadcrumb","itemListElement":[{"@type":"ListItem","position":1,"name":"Startseite","item":"https:\/\/matmat54.ch\/"},{"@type":"ListItem","position":2,"name":"laif foundation"}]},{"@type":"WebSite","@id":"https:\/\/matmat54.ch\/#website","url":"https:\/\/matmat54.ch\/","name":"Matej Matolic","description":"Portfolio","publisher":{"@id":"https:\/\/matmat54.ch\/#\/schema\/person\/7d2d744e0437f5ffeeb4c1bc74b075f5"},"potentialAction":[{"@type":"SearchAction","target":{"@type":"EntryPoint","urlTemplate":"https:\/\/matmat54.ch\/?s={search_term_string}"},"query-input":{"@type":"PropertyValueSpecification","valueRequired":true,"valueName":"search_term_string"}}],"inLanguage":"de"},{"@type":["Person","Organization"],"@id":"https:\/\/matmat54.ch\/#\/schema\/person\/7d2d744e0437f5ffeeb4c1bc74b075f5","name":"admin","image":{"@type":"ImageObject","inLanguage":"de","@id":"https:\/\/matmat54.ch\/wp-content\/uploads\/2025\/09\/matmat.png","url":"https:\/\/matmat54.ch\/wp-content\/uploads\/2025\/09\/matmat.png","contentUrl":"https:\/\/matmat54.ch\/wp-content\/uploads\/2025\/09\/matmat.png","width":1024,"height":1024,"caption":"admin"},"logo":{"@id":"https:\/\/matmat54.ch\/wp-content\/uploads\/2025\/09\/matmat.png"},"sameAs":["https:\/\/matmat54.ch","https:\/\/www.linkedin.com\/in\/matej-matolic-b41049220\/"]}]}},"brizy_media":[{"id":535,"url":"https:\/\/matmat54.ch\/wp-content\/uploads\/2025\/10\/vm-beratung-demo-1.jpg","name":"vm-beratung-demo-1.jpg","meta":{"brizy_attachment_uid":"wp-bb04b17868e0c3b9ff14dde473f76057.jpg","brizy_post_uid":["e2585021b35a42f0aa5ca3b72c381158"]}},{"id":536,"url":"https:\/\/matmat54.ch\/wp-content\/uploads\/2025\/10\/vm-beratung-demo-2.jpg","name":"vm-beratung-demo-2.jpg","meta":{"brizy_attachment_uid":"wp-d159dfba224a9883416dcfd6dd98e591.jpg","brizy_post_uid":["e2585021b35a42f0aa5ca3b72c381158"]}}],"_links":{"self":[{"href":"https:\/\/matmat54.ch\/index.php\/wp-json\/wp\/v2\/pages\/448","targetHints":{"allow":["GET"]}}],"collection":[{"href":"https:\/\/matmat54.ch\/index.php\/wp-json\/wp\/v2\/pages"}],"about":[{"href":"https:\/\/matmat54.ch\/index.php\/wp-json\/wp\/v2\/types\/page"}],"author":[{"embeddable":true,"href":"https:\/\/matmat54.ch\/index.php\/wp-json\/wp\/v2\/users\/1"}],"replies":[{"embeddable":true,"href":"https:\/\/matmat54.ch\/index.php\/wp-json\/wp\/v2\/comments?post=448"}],"version-history":[{"count":0,"href":"https:\/\/matmat54.ch\/index.php\/wp-json\/wp\/v2\/pages\/448\/revisions"}],"wp:attachment":[{"href":"https:\/\/matmat54.ch\/index.php\/wp-json\/wp\/v2\/media?parent=448"}],"curies":[{"name":"wp","href":"https:\/\/api.w.org\/{rel}","templated":true}]}}