{"id":453,"date":"2025-10-01T18:06:51","date_gmt":"2025-10-01T18:06:51","guid":{"rendered":"https:\/\/matmat54.ch\/?page_id=453"},"modified":"2026-03-28T14:17:49","modified_gmt":"2026-03-28T14:17:49","slug":"data-dash","status":"publish","type":"page","link":"https:\/\/matmat54.ch\/index.php\/data-dash\/","title":{"rendered":"Data Dash"},"content":{"rendered":"<div class=\"brz brz-root__container brz-reset-all brz-root__container-page\">\n<section id=\"eHrMBG41jNd0_eHrMBG41jNd0\" class=\"brz-section brz-css-pizr8x brz-css-9m84tt\">\n<div class=\"brz-section__content brz-section--boxed brz-css-gt6p66 brz-css-1tq1faf\" data-brz-custom-id=\"pTOPt_aFjVES\">\n<div class=\"brz-bg\">\n<div class=\"brz-bg-color\"><\/div>\n<\/div>\n<div class=\"brz-container brz-css-1p3soit brz-css-10fs37t\">\n<div id=\"\" class=\"brz-css-s4c2f8 brz-css-1c40j7 brz-wrapper\">\n<div class=\"brz-rich-text brz-rich-text__custom brz-css-1his0f6 brz-css-10l89k8\" data-brz-custom-id=\"icstw6xDUTQs\">\n<div data-brz-translate-text=\"1\">\n<p class=\"brz-tp-lg-heading2 brz-text-lg-center brz-bcp-color2 brz-css-u3pmR\" data-uniq-id=\"ocOz_\" data-generated-css=\"brz-css-kAqNi\"><span class=\"brz-cp-color2\">Data Dash<\/span><\/p>\n<\/div>\n<\/div>\n<\/div>\n<\/div>\n<\/div>\n<\/section>\n<section id=\"vT2IEXIsZwPd_vT2IEXIsZwPd\" class=\"brz-section brz-css-135jf3v brz-css-111fy61\">\n<div class=\"brz-section__content brz-section--boxed brz-css-h11ckm brz-css-1ybivqu\" data-brz-custom-id=\"dIAUb3o4582w\">\n<div class=\"brz-bg\">\n<div class=\"brz-bg-color\"><\/div>\n<\/div>\n<div class=\"brz-container brz-css-98d97x brz-css-h15wn5\">\n<div id=\"\" class=\"brz-css-1rl4v0o brz-css-og3e5j brz-wrapper\">\n<div class=\"brz-wp__breadcrumbs brz-css-9daek1 brz-css-1pk21xb\" data-brz-custom-id=\"tScOJ70NmzxP\">\n<div style=\"min-height:20px\"><\/div>\n<\/div>\n<\/div>\n<div id=\"\" class=\"brz-css-1rl4v0o brz-css-ztobvc brz-css-xb3adl brz-wrapper\">\n<div class=\"brz-spacer brz-css-wd5i7g brz-css-1deeaxh\"><\/div>\n<\/div>\n<div id=\"\" class=\"brz-css-1rl4v0o brz-css-18mvvs4 brz-wrapper\">\n<div class=\"brz-video brz-youtube-video brz-video-on-controls-hidden brz-css-1n9qe9t\" data-brz-custom-id=\"llrMRVax3nKE\">\n<div class=\"brz-video-content\" data-loop=\"false\" data-muted=\"false\" data-autoplay=\"off\">\n<div class=\"video-wrapper brz-image-fix-16-9\">\n<div class=\"brz-video-data brz-hidden\" data-src=\"https:\/\/www.youtube.com\/embed\/0SbFqpcpUqM?autoplay=0&amp;controls=1&amp;start=0&amp;end=0&amp;modestbranding=0&amp;wmode=transparent&amp;enablejsapi=1&amp;loop=0&amp;rel=0&amp;mute=0\" data-population=\"\" data-controls=\"true\" data-branding=\"true\" data-intro=\"true\" data-start=\"0\" data-end=\"0\" data-loop=\"false\" data-autoplay=\"off\"><\/div>\n<\/div>\n<\/div>\n<\/div>\n<\/div>\n<\/div>\n<\/div>\n<\/section>\n<section id=\"lgSxebDvZhyf_lgSxebDvZhyf\" class=\"brz-section brz-css-qaa2o0 brz-css-17e67y8\">\n<div class=\"brz-section__content brz-section--boxed brz-css-h1vwx1 brz-css-68t712\" data-brz-custom-id=\"eoGSBlXO1jKI\">\n<div class=\"brz-bg\">\n<div class=\"brz-bg-color\"><\/div>\n<\/div>\n<div class=\"brz-container brz-css-1ir95gt brz-css-1k3njnn\">\n<div id=\"\" class=\"brz-css-2853o9 brz-css-1i4oo2 brz-wrapper\">\n<div class=\"brz-rich-text brz-rich-text__custom brz-css-12oy22h brz-css-nigwvc\" data-brz-custom-id=\"zrlI7_g58tDr\">\n<div data-brz-translate-text=\"1\">\n<p class=\"brz-tp-lg-paragraph brz-css-kt_TT\" data-generated-css=\"brz-css-cvGRj\" data-uniq-id=\"jV7Qw\"><strong class=\"brz-cp-color7\">Data Dash<\/strong><span class=\"brz-cp-color7\">&nbsp;ist ein Serious Game, das im Rahmen eines Gruppenprojekts f\u00fcr&nbsp;<\/span><strong class=\"brz-cp-color7\">RTR InterMedia<\/strong><span class=\"brz-cp-color7\">&nbsp;entstanden ist. Ziel war es, die&nbsp;<\/span><strong class=\"brz-cp-color7\">Medienkompetenz im Bereich Datensicherheit<\/strong><span class=\"brz-cp-color7\">&nbsp;zu f\u00f6rdern und Sch\u00fcler:innen spielerisch f\u00fcr den bewussten Umgang mit pers\u00f6nlichen Daten zu sensibilisieren.<\/span><\/p>\n<p class=\"brz-tp-lg-paragraph brz-css-fDLt_\" data-generated-css=\"brz-css-cvGRj\" data-uniq-id=\"jV7Qw\"><span class=\"brz-cp-color7\"> <\/span><\/p>\n<p class=\"brz-tp-lg-paragraph brz-css-dJ47V\" data-generated-css=\"brz-css-rPkTL\" data-uniq-id=\"juif1\"><span class=\"brz-cp-color7\">Das Spiel verbindet&nbsp;<\/span><strong class=\"brz-cp-color7\">Lerninhalte mit Unterhaltung<\/strong><span class=\"brz-cp-color7\">: W\u00e4hrend Spieler:innen Hindernissen ausweichen, Power-ups sammeln und neue Level entdecken, lernen sie gleichzeitig, wie wichtig Datenschutz im digitalen Alltag ist. Data Dash soll k\u00fcnftig Teil des bestehenden Angebots von RTR InterMedia werden und richtet sich an Jugendliche, die Spa\u00df am Spielen haben und dabei Wissen erwerben m\u00f6chten.<\/span><\/p>\n<p class=\"brz-tp-lg-paragraph brz-css-mgqYN\" data-generated-css=\"brz-css-rPkTL\" data-uniq-id=\"juif1\"><span class=\"brz-cp-color7\"> <\/span><\/p>\n<h3 class=\"brz-tp-lg-heading3 brz-css-kDr0P\" data-generated-css=\"brz-css-q_JlI\" data-uniq-id=\"fP6Ya\"><span class=\"brz-cp-color7\">Mein Beitrag<\/span><\/h3>\n<h3 class=\"brz-tp-lg-heading3 brz-css-ghpp0\" data-generated-css=\"brz-css-q_JlI\" data-uniq-id=\"fP6Ya\"><span class=\"brz-cp-color7\"> <\/span><\/h3>\n<p class=\"brz-tp-lg-paragraph brz-css-uVkbp\" data-generated-css=\"brz-css-xAmJd\" data-uniq-id=\"esOWh\"><span class=\"brz-cp-color7\">Ich war im Team verantwortlich f\u00fcr die&nbsp;<\/span><strong class=\"brz-cp-color7\">technische Umsetzung des Spiels in Unity<\/strong><span class=\"brz-cp-color7\">. Dazu geh\u00f6rten die Programmierung des Endless-Runner-Gameplays, die Integration von Charakteranimationen, die Umsetzung von Power-ups, der Benutzeroberfl\u00e4che sowie die Gestaltung von Sound- und visuellen Effekten, um ein immersives Spielerlebnis zu schaffen. Das Konzept, die Game-Assets und das Design wurden von den restlichen Teammitgliedern erarbeitet.<\/span><\/p>\n<\/div>\n<\/div>\n<\/div>\n<\/div>\n<\/div>\n<\/section><\/div>\n<p><!-- version:1760012234 --><\/p>\n","protected":false},"excerpt":{"rendered":"<p>Data Dash Data Dash&nbsp;ist ein Serious Game, das im Rahmen eines Gruppenprojekts f\u00fcr&nbsp;RTR InterMedia&nbsp;entstanden ist. Ziel war es, die&nbsp;Medienkompetenz im Bereich Datensicherheit&nbsp;zu f\u00f6rdern und Sch\u00fcler:innen spielerisch f\u00fcr den bewussten Umgang mit pers\u00f6nlichen Daten zu sensibilisieren. Das Spiel verbindet&nbsp;Lerninhalte mit Unterhaltung: W\u00e4hrend Spieler:innen Hindernissen ausweichen, Power-ups sammeln und neue Level entdecken, lernen sie gleichzeitig, wie wichtig [&hellip;]<\/p>\n","protected":false},"author":1,"featured_media":0,"parent":0,"menu_order":0,"comment_status":"closed","ping_status":"closed","template":"brizy-blank-template.php","meta":{"footnotes":""},"class_list":["post-453","page","type-page","status-publish","hentry"],"blocksy_meta":[],"yoast_head":"<!-- This site is optimized with the Yoast SEO plugin v27.2 - https:\/\/yoast.com\/product\/yoast-seo-wordpress\/ -->\n<title>Data Dash - Matej Matolic<\/title>\n<meta name=\"robots\" content=\"index, follow, max-snippet:-1, max-image-preview:large, max-video-preview:-1\" \/>\n<link rel=\"canonical\" href=\"https:\/\/matmat54.ch\/index.php\/data-dash\/\" \/>\n<meta property=\"og:locale\" content=\"de_DE\" \/>\n<meta property=\"og:type\" content=\"article\" \/>\n<meta property=\"og:title\" content=\"Data Dash - Matej Matolic\" \/>\n<meta property=\"og:description\" content=\"Data Dash Data Dash&nbsp;ist ein Serious Game, das im Rahmen eines Gruppenprojekts f\u00fcr&nbsp;RTR InterMedia&nbsp;entstanden ist. Ziel war es, die&nbsp;Medienkompetenz im Bereich Datensicherheit&nbsp;zu f\u00f6rdern und Sch\u00fcler:innen spielerisch f\u00fcr den bewussten Umgang mit pers\u00f6nlichen Daten zu sensibilisieren. Das Spiel verbindet&nbsp;Lerninhalte mit Unterhaltung: W\u00e4hrend Spieler:innen Hindernissen ausweichen, Power-ups sammeln und neue Level entdecken, lernen sie gleichzeitig, wie wichtig [&hellip;]\" \/>\n<meta property=\"og:url\" content=\"https:\/\/matmat54.ch\/index.php\/data-dash\/\" \/>\n<meta property=\"og:site_name\" content=\"Matej Matolic\" \/>\n<meta property=\"article:modified_time\" content=\"2026-03-28T14:17:49+00:00\" \/>\n<meta name=\"twitter:card\" content=\"summary_large_image\" \/>\n<meta name=\"twitter:label1\" content=\"Gesch\u00e4tzte Lesezeit\" \/>\n\t<meta name=\"twitter:data1\" content=\"1\u00a0Minute\" \/>\n<script type=\"application\/ld+json\" class=\"yoast-schema-graph\">{\"@context\":\"https:\/\/schema.org\",\"@graph\":[{\"@type\":\"WebPage\",\"@id\":\"https:\/\/matmat54.ch\/index.php\/data-dash\/\",\"url\":\"https:\/\/matmat54.ch\/index.php\/data-dash\/\",\"name\":\"Data Dash - Matej Matolic\",\"isPartOf\":{\"@id\":\"https:\/\/matmat54.ch\/#website\"},\"datePublished\":\"2025-10-01T18:06:51+00:00\",\"dateModified\":\"2026-03-28T14:17:49+00:00\",\"breadcrumb\":{\"@id\":\"https:\/\/matmat54.ch\/index.php\/data-dash\/#breadcrumb\"},\"inLanguage\":\"de\",\"potentialAction\":[{\"@type\":\"ReadAction\",\"target\":[\"https:\/\/matmat54.ch\/index.php\/data-dash\/\"]}]},{\"@type\":\"BreadcrumbList\",\"@id\":\"https:\/\/matmat54.ch\/index.php\/data-dash\/#breadcrumb\",\"itemListElement\":[{\"@type\":\"ListItem\",\"position\":1,\"name\":\"Startseite\",\"item\":\"https:\/\/matmat54.ch\/\"},{\"@type\":\"ListItem\",\"position\":2,\"name\":\"Data Dash\"}]},{\"@type\":\"WebSite\",\"@id\":\"https:\/\/matmat54.ch\/#website\",\"url\":\"https:\/\/matmat54.ch\/\",\"name\":\"Matej Matolic\",\"description\":\"Portfolio\",\"publisher\":{\"@id\":\"https:\/\/matmat54.ch\/#\/schema\/person\/7d2d744e0437f5ffeeb4c1bc74b075f5\"},\"potentialAction\":[{\"@type\":\"SearchAction\",\"target\":{\"@type\":\"EntryPoint\",\"urlTemplate\":\"https:\/\/matmat54.ch\/?s={search_term_string}\"},\"query-input\":{\"@type\":\"PropertyValueSpecification\",\"valueRequired\":true,\"valueName\":\"search_term_string\"}}],\"inLanguage\":\"de\"},{\"@type\":[\"Person\",\"Organization\"],\"@id\":\"https:\/\/matmat54.ch\/#\/schema\/person\/7d2d744e0437f5ffeeb4c1bc74b075f5\",\"name\":\"admin\",\"image\":{\"@type\":\"ImageObject\",\"inLanguage\":\"de\",\"@id\":\"https:\/\/matmat54.ch\/wp-content\/uploads\/2025\/09\/matmat.png\",\"url\":\"https:\/\/matmat54.ch\/wp-content\/uploads\/2025\/09\/matmat.png\",\"contentUrl\":\"https:\/\/matmat54.ch\/wp-content\/uploads\/2025\/09\/matmat.png\",\"width\":1024,\"height\":1024,\"caption\":\"admin\"},\"logo\":{\"@id\":\"https:\/\/matmat54.ch\/wp-content\/uploads\/2025\/09\/matmat.png\"},\"sameAs\":[\"https:\/\/matmat54.ch\",\"https:\/\/www.linkedin.com\/in\/matej-matolic-b41049220\/\"]}]}<\/script>\n<!-- \/ Yoast SEO plugin. -->","yoast_head_json":{"title":"Data Dash - Matej Matolic","robots":{"index":"index","follow":"follow","max-snippet":"max-snippet:-1","max-image-preview":"max-image-preview:large","max-video-preview":"max-video-preview:-1"},"canonical":"https:\/\/matmat54.ch\/index.php\/data-dash\/","og_locale":"de_DE","og_type":"article","og_title":"Data Dash - Matej Matolic","og_description":"Data Dash Data Dash&nbsp;ist ein Serious Game, das im Rahmen eines Gruppenprojekts f\u00fcr&nbsp;RTR InterMedia&nbsp;entstanden ist. Ziel war es, die&nbsp;Medienkompetenz im Bereich Datensicherheit&nbsp;zu f\u00f6rdern und Sch\u00fcler:innen spielerisch f\u00fcr den bewussten Umgang mit pers\u00f6nlichen Daten zu sensibilisieren. Das Spiel verbindet&nbsp;Lerninhalte mit Unterhaltung: W\u00e4hrend Spieler:innen Hindernissen ausweichen, Power-ups sammeln und neue Level entdecken, lernen sie gleichzeitig, wie wichtig [&hellip;]","og_url":"https:\/\/matmat54.ch\/index.php\/data-dash\/","og_site_name":"Matej Matolic","article_modified_time":"2026-03-28T14:17:49+00:00","twitter_card":"summary_large_image","twitter_misc":{"Gesch\u00e4tzte Lesezeit":"1\u00a0Minute"},"schema":{"@context":"https:\/\/schema.org","@graph":[{"@type":"WebPage","@id":"https:\/\/matmat54.ch\/index.php\/data-dash\/","url":"https:\/\/matmat54.ch\/index.php\/data-dash\/","name":"Data Dash - Matej Matolic","isPartOf":{"@id":"https:\/\/matmat54.ch\/#website"},"datePublished":"2025-10-01T18:06:51+00:00","dateModified":"2026-03-28T14:17:49+00:00","breadcrumb":{"@id":"https:\/\/matmat54.ch\/index.php\/data-dash\/#breadcrumb"},"inLanguage":"de","potentialAction":[{"@type":"ReadAction","target":["https:\/\/matmat54.ch\/index.php\/data-dash\/"]}]},{"@type":"BreadcrumbList","@id":"https:\/\/matmat54.ch\/index.php\/data-dash\/#breadcrumb","itemListElement":[{"@type":"ListItem","position":1,"name":"Startseite","item":"https:\/\/matmat54.ch\/"},{"@type":"ListItem","position":2,"name":"Data Dash"}]},{"@type":"WebSite","@id":"https:\/\/matmat54.ch\/#website","url":"https:\/\/matmat54.ch\/","name":"Matej Matolic","description":"Portfolio","publisher":{"@id":"https:\/\/matmat54.ch\/#\/schema\/person\/7d2d744e0437f5ffeeb4c1bc74b075f5"},"potentialAction":[{"@type":"SearchAction","target":{"@type":"EntryPoint","urlTemplate":"https:\/\/matmat54.ch\/?s={search_term_string}"},"query-input":{"@type":"PropertyValueSpecification","valueRequired":true,"valueName":"search_term_string"}}],"inLanguage":"de"},{"@type":["Person","Organization"],"@id":"https:\/\/matmat54.ch\/#\/schema\/person\/7d2d744e0437f5ffeeb4c1bc74b075f5","name":"admin","image":{"@type":"ImageObject","inLanguage":"de","@id":"https:\/\/matmat54.ch\/wp-content\/uploads\/2025\/09\/matmat.png","url":"https:\/\/matmat54.ch\/wp-content\/uploads\/2025\/09\/matmat.png","contentUrl":"https:\/\/matmat54.ch\/wp-content\/uploads\/2025\/09\/matmat.png","width":1024,"height":1024,"caption":"admin"},"logo":{"@id":"https:\/\/matmat54.ch\/wp-content\/uploads\/2025\/09\/matmat.png"},"sameAs":["https:\/\/matmat54.ch","https:\/\/www.linkedin.com\/in\/matej-matolic-b41049220\/"]}]}},"brizy_media":[{"id":535,"url":"https:\/\/matmat54.ch\/wp-content\/uploads\/2025\/10\/vm-beratung-demo-1.jpg","name":"vm-beratung-demo-1.jpg","meta":{"brizy_attachment_uid":"wp-bb04b17868e0c3b9ff14dde473f76057.jpg","brizy_post_uid":["e2585021b35a42f0aa5ca3b72c381158"]}},{"id":536,"url":"https:\/\/matmat54.ch\/wp-content\/uploads\/2025\/10\/vm-beratung-demo-2.jpg","name":"vm-beratung-demo-2.jpg","meta":{"brizy_attachment_uid":"wp-d159dfba224a9883416dcfd6dd98e591.jpg","brizy_post_uid":["e2585021b35a42f0aa5ca3b72c381158"]}}],"_links":{"self":[{"href":"https:\/\/matmat54.ch\/index.php\/wp-json\/wp\/v2\/pages\/453","targetHints":{"allow":["GET"]}}],"collection":[{"href":"https:\/\/matmat54.ch\/index.php\/wp-json\/wp\/v2\/pages"}],"about":[{"href":"https:\/\/matmat54.ch\/index.php\/wp-json\/wp\/v2\/types\/page"}],"author":[{"embeddable":true,"href":"https:\/\/matmat54.ch\/index.php\/wp-json\/wp\/v2\/users\/1"}],"replies":[{"embeddable":true,"href":"https:\/\/matmat54.ch\/index.php\/wp-json\/wp\/v2\/comments?post=453"}],"version-history":[{"count":0,"href":"https:\/\/matmat54.ch\/index.php\/wp-json\/wp\/v2\/pages\/453\/revisions"}],"wp:attachment":[{"href":"https:\/\/matmat54.ch\/index.php\/wp-json\/wp\/v2\/media?parent=453"}],"curies":[{"name":"wp","href":"https:\/\/api.w.org\/{rel}","templated":true}]}}