{"id":459,"date":"2025-10-01T18:24:27","date_gmt":"2025-10-01T18:24:27","guid":{"rendered":"https:\/\/matmat54.ch\/?page_id=459"},"modified":"2026-03-28T03:19:06","modified_gmt":"2026-03-28T03:19:06","slug":"da-dunne","status":"publish","type":"page","link":"https:\/\/matmat54.ch\/index.php\/da-dunne\/","title":{"rendered":"Da und Dunne"},"content":{"rendered":"<div class=\"brz brz-root__container brz-reset-all brz-root__container-page\">\n<section id=\"eHrMBG41jNd0_eHrMBG41jNd0\" class=\"brz-section brz-css-pizr8x brz-css-9m84tt\">\n<div class=\"brz-section__content brz-section--boxed brz-css-gt6p66 brz-css-1tq1faf\" data-brz-custom-id=\"pTOPt_aFjVES\">\n<div class=\"brz-bg\">\n<div class=\"brz-bg-color\"><\/div>\n<\/div>\n<div class=\"brz-container brz-css-1p3soit brz-css-10fs37t\">\n<div id=\"\" class=\"brz-css-s4c2f8 brz-css-1c40j7 brz-wrapper\">\n<div class=\"brz-rich-text brz-rich-text__custom brz-css-1his0f6 brz-css-10l89k8\" data-brz-custom-id=\"icstw6xDUTQs\">\n<div data-brz-translate-text=\"1\">\n<p class=\"brz-tp-lg-heading2 brz-text-lg-center brz-bcp-color2 brz-css-iAs_4\" data-uniq-id=\"jFUg6\" data-generated-css=\"brz-css-obUcw\">Da &amp; Dunne Podcast<\/p>\n<\/div>\n<\/div>\n<\/div>\n<\/div>\n<\/div>\n<\/section>\n<section id=\"vT2IEXIsZwPd_vT2IEXIsZwPd\" class=\"brz-section brz-css-135jf3v brz-css-111fy61\">\n<div class=\"brz-section__content brz-section--boxed brz-css-h11ckm brz-css-1ybivqu\" data-brz-custom-id=\"dIAUb3o4582w\">\n<div class=\"brz-bg\">\n<div class=\"brz-bg-color\"><\/div>\n<\/div>\n<div class=\"brz-container brz-css-98d97x brz-css-h15wn5\">\n<div id=\"\" class=\"brz-css-1rl4v0o brz-css-og3e5j brz-wrapper\">\n<div class=\"brz-wp__breadcrumbs brz-css-9daek1 brz-css-1pk21xb\" data-brz-custom-id=\"tScOJ70NmzxP\">\n<div style=\"min-height:20px\"><\/div>\n<\/div>\n<\/div>\n<div id=\"\" class=\"brz-css-1rl4v0o brz-css-ztobvc brz-css-xb3adl brz-wrapper\">\n<div class=\"brz-spacer brz-css-wd5i7g brz-css-1deeaxh\"><\/div>\n<\/div>\n<div id=\"\" class=\"brz-css-1rl4v0o brz-css-18mvvs4 brz-wrapper\">\n<div class=\"brz-video brz-youtube-video brz-video-off-controls-hidden brz-css-1n9qe9t\" data-brz-custom-id=\"llrMRVax3nKE\">\n<div class=\"brz-video-content\" data-loop=\"false\" data-muted=\"false\" data-autoplay=\"off\">\n<div class=\"video-wrapper brz-image-fix-16-9\">\n<div class=\"brz-video-data brz-hidden\" data-src=\"https:\/\/www.youtube.com\/embed\/-SeixzdIzgQ?autoplay=0&amp;controls=0&amp;start=0&amp;end=0&amp;modestbranding=0&amp;wmode=transparent&amp;enablejsapi=1&amp;loop=0&amp;rel=0&amp;mute=0\" data-population=\"\" data-controls=\"false\" data-branding=\"true\" data-intro=\"true\" data-start=\"0\" data-end=\"0\" data-loop=\"false\" data-autoplay=\"off\"><\/div>\n<\/div>\n<\/div>\n<\/div>\n<\/div>\n<\/div>\n<\/div>\n<\/section>\n<section id=\"lgSxebDvZhyf_lgSxebDvZhyf\" class=\"brz-section brz-css-qaa2o0 brz-css-17e67y8\">\n<div class=\"brz-section__content brz-section--boxed brz-css-h1vwx1 brz-css-68t712\" data-brz-custom-id=\"eoGSBlXO1jKI\">\n<div class=\"brz-bg\">\n<div class=\"brz-bg-color\"><\/div>\n<\/div>\n<div class=\"brz-container brz-css-1ir95gt brz-css-1k3njnn\">\n<div id=\"\" class=\"brz-css-2853o9 brz-css-1i4oo2 brz-wrapper\">\n<div class=\"brz-rich-text brz-rich-text__custom brz-css-12oy22h brz-css-nigwvc\" data-brz-custom-id=\"zrlI7_g58tDr\">\n<div data-brz-translate-text=\"1\">\n<p class=\"brz-tp-lg-paragraph brz-css-mPqMk\" data-uniq-id=\"jQQKD\" data-generated-css=\"brz-css-atzYF\"><span class=\"brz-cp-color7\">Mein erster Freelance-Auftrag war ein ganz besonderer Moment f\u00fcr mich. Durch meine pers\u00f6nliche Bekanntschaft mit&nbsp;Sven Ivani\u0107&nbsp;bekam ich die M\u00f6glichkeit, gemeinsam mit ihm und&nbsp;Jozo Brica&nbsp;an ihrem neuen Podcast-Projekt zu arbeiten.<\/span><\/p>\n<p class=\"brz-tp-lg-paragraph brz-css-z_3TO\" data-uniq-id=\"mR00e\" data-generated-css=\"brz-css-q89_p\"><span class=\"brz-cp-color7\"> <\/span><\/p>\n<p class=\"brz-tp-lg-paragraph brz-css-hQNbc\" data-uniq-id=\"bOB1S\" data-generated-css=\"brz-css-nKClI\"><span class=\"brz-cp-color7\">Ich \u00fcbernahm dabei die&nbsp;Post-Production, also das&nbsp;Schneiden des Podcasts, das&nbsp;Extrahieren der Audiospur&nbsp;sowie die&nbsp;Erstellung von Reels&nbsp;mit&nbsp;knalligen Schnitten, passenden Emojis und eing\u00e4ngigen Momenten. Ziel war es, den Podcast nicht nur h\u00f6rbar, sondern auch visuell auf Social Media spannend zu pr\u00e4sentieren.<\/span><\/p>\n<p class=\"brz-tp-lg-paragraph brz-css-dKmbq\" data-uniq-id=\"xtLny\" data-generated-css=\"brz-css-gmTh3\"><span class=\"brz-cp-color7\"> <\/span><\/p>\n<p class=\"brz-tp-lg-paragraph brz-css-arYkX\" data-uniq-id=\"hFJ7E\" data-generated-css=\"brz-css-jZdMN\"><span class=\"brz-cp-color7\">Die Zusammenarbeit mit den beiden war sehr inspirierend. Ich durfte sie von der ersten Folge an begleiten und miterleben, wie ihr Projekt Form annahm. Bis Ende 2023 arbeiteten wir regelm\u00e4\u00dfig zusammen, bevor ich mich aufgrund meiner&nbsp;Auslastung durch Studium und Arbeit&nbsp;zur\u00fcckziehen musste.<\/span><\/p>\n<p class=\"brz-tp-lg-paragraph brz-css-ySINP\" data-uniq-id=\"heiqY\" data-generated-css=\"brz-css-a0Kg5\"><span class=\"brz-cp-color7\"> <\/span><\/p>\n<p class=\"brz-tp-lg-paragraph brz-css-wID4H\" data-uniq-id=\"ziDU4\" data-generated-css=\"brz-css-xVKgC\"><span class=\"brz-cp-color7\">Ein besonderes Highlight war, dass&nbsp;das obige Reel \u00fcber 200.000 Views auf TikTok erreichte. Das war ein gro\u00dfartiger Erfolg und eine tolle Best\u00e4tigung f\u00fcr unsere gemeinsame Arbeit.<\/span><\/p>\n<p class=\"brz-tp-lg-paragraph brz-css-hbw6U\" data-uniq-id=\"bKQ3b\" data-generated-css=\"brz-css-cE6eS\"><span class=\"brz-cp-color7\"> <\/span><\/p>\n<p class=\"brz-tp-lg-paragraph brz-css-mco2t\" data-uniq-id=\"hUL7j\" data-generated-css=\"brz-css-gVnxz\"><span class=\"brz-cp-color7\">Dieses Projekt war f\u00fcr mich ein wichtiger Schritt, sowohl beruflich als auch pers\u00f6nlich. Es zeigte mir, wie viel Freude ich daran habe, kreative Ideen in die Realit\u00e4t umzusetzen und Content so zu gestalten, dass er Menschen erreicht.<\/span><\/p>\n<p class=\"brz-tp-lg-paragraph brz-css-sd88s\" data-uniq-id=\"iGYqY\" data-generated-css=\"brz-css-wkdr7\"><span class=\"brz-cp-color7\"> <\/span><\/p>\n<p class=\"brz-tp-lg-paragraph brz-css-b3cnq\" data-uniq-id=\"dmZPb\" data-generated-css=\"brz-css-kep0V\"><span class=\"brz-cp-color7\"> Zum Podcast<\/span><\/p>\n<p data-uniq-id=\"rrdSa\" data-generated-css=\"brz-css-gCriE\" class=\"brz-tp-lg-empty brz-ff-montserrat brz-ft-google brz-fs-lg-18 brz-fss-lg-px brz-fw-lg-500 brz-ls-lg-0 brz-lh-lg-1_9 brz-vfw-lg-400 brz-fwdth-lg-100 brz-fsft-lg-0 brz-css-nAZTV\"><span class=\"brz-cp-color7\"> <\/span><\/p>\n<ul>\n<li data-uniq-id=\"uZhd1\" data-generated-css=\"brz-css-zrF60\" class=\"brz-tp-lg-empty brz-ff-montserrat brz-ft-google brz-fs-lg-18 brz-fss-lg-px brz-fw-lg-500 brz-ls-lg-0 brz-lh-lg-1_9 brz-vfw-lg-400 brz-fwdth-lg-100 brz-fsft-lg-0 brz-bcp-color3 brz-css-i2zwC\"><a class=\"brz-cp-color3 brz-underline-true link--external\" href=\"mailto:https:\/\/www.tiktok.com\/@da.dunne?lang=de-DE\" data-brz-link-type=\"external\" target=\"_blank\" rel=\"noreferrer noopener\"><u>TikTok<\/u><\/a><\/li>\n<li data-uniq-id=\"oSI7W\" data-generated-css=\"brz-css-m0ts7\" class=\"brz-tp-lg-empty brz-ff-montserrat brz-ft-google brz-fs-lg-18 brz-fss-lg-px brz-fw-lg-500 brz-ls-lg-0 brz-lh-lg-1_9 brz-vfw-lg-400 brz-fwdth-lg-100 brz-fsft-lg-0 brz-bcp-color3 brz-css-gQtIw\"><a class=\"brz-cp-color3 brz-underline-true link--external\" href=\"https:\/\/open.spotify.com\/show\/1NqpLSUj4s5bmDId0FD2ML?si=0927494595fe4b4f\" data-brz-link-type=\"external\" target=\"_blank\" rel=\"noreferrer noopener\"><u>Spotify <\/u><\/a><\/li>\n<\/ul>\n<\/div>\n<\/div>\n<\/div>\n<\/div>\n<\/div>\n<\/section><\/div>\n<p><!-- version:1759963785 --><\/p>\n","protected":false},"excerpt":{"rendered":"<p>Da &amp; Dunne Podcast Mein erster Freelance-Auftrag war ein ganz besonderer Moment f\u00fcr mich. Durch meine pers\u00f6nliche Bekanntschaft mit&nbsp;Sven Ivani\u0107&nbsp;bekam ich die M\u00f6glichkeit, gemeinsam mit ihm und&nbsp;Jozo Brica&nbsp;an ihrem neuen Podcast-Projekt zu arbeiten. Ich \u00fcbernahm dabei die&nbsp;Post-Production, also das&nbsp;Schneiden des Podcasts, das&nbsp;Extrahieren der Audiospur&nbsp;sowie die&nbsp;Erstellung von Reels&nbsp;mit&nbsp;knalligen Schnitten, passenden Emojis und eing\u00e4ngigen Momenten. Ziel war [&hellip;]<\/p>\n","protected":false},"author":1,"featured_media":0,"parent":0,"menu_order":0,"comment_status":"closed","ping_status":"closed","template":"brizy-blank-template.php","meta":{"footnotes":""},"class_list":["post-459","page","type-page","status-publish","hentry"],"blocksy_meta":[],"yoast_head":"<!-- This site is optimized with the Yoast SEO plugin v27.2 - https:\/\/yoast.com\/product\/yoast-seo-wordpress\/ -->\n<title>Da und Dunne - Matej Matolic<\/title>\n<meta name=\"robots\" content=\"index, follow, max-snippet:-1, max-image-preview:large, max-video-preview:-1\" \/>\n<link rel=\"canonical\" href=\"https:\/\/matmat54.ch\/index.php\/da-dunne\/\" \/>\n<meta property=\"og:locale\" content=\"de_DE\" \/>\n<meta property=\"og:type\" content=\"article\" \/>\n<meta property=\"og:title\" content=\"Da und Dunne - Matej Matolic\" \/>\n<meta property=\"og:description\" content=\"Da &amp; Dunne Podcast Mein erster Freelance-Auftrag war ein ganz besonderer Moment f\u00fcr mich. Durch meine pers\u00f6nliche Bekanntschaft mit&nbsp;Sven Ivani\u0107&nbsp;bekam ich die M\u00f6glichkeit, gemeinsam mit ihm und&nbsp;Jozo Brica&nbsp;an ihrem neuen Podcast-Projekt zu arbeiten. Ich \u00fcbernahm dabei die&nbsp;Post-Production, also das&nbsp;Schneiden des Podcasts, das&nbsp;Extrahieren der Audiospur&nbsp;sowie die&nbsp;Erstellung von Reels&nbsp;mit&nbsp;knalligen Schnitten, passenden Emojis und eing\u00e4ngigen Momenten. Ziel war [&hellip;]\" \/>\n<meta property=\"og:url\" content=\"https:\/\/matmat54.ch\/index.php\/da-dunne\/\" \/>\n<meta property=\"og:site_name\" content=\"Matej Matolic\" \/>\n<meta property=\"article:modified_time\" content=\"2026-03-28T03:19:06+00:00\" \/>\n<meta name=\"twitter:card\" content=\"summary_large_image\" \/>\n<meta name=\"twitter:label1\" content=\"Gesch\u00e4tzte Lesezeit\" \/>\n\t<meta name=\"twitter:data1\" content=\"1\u00a0Minute\" \/>\n<script type=\"application\/ld+json\" class=\"yoast-schema-graph\">{\"@context\":\"https:\/\/schema.org\",\"@graph\":[{\"@type\":\"WebPage\",\"@id\":\"https:\/\/matmat54.ch\/index.php\/da-dunne\/\",\"url\":\"https:\/\/matmat54.ch\/index.php\/da-dunne\/\",\"name\":\"Da und Dunne - Matej Matolic\",\"isPartOf\":{\"@id\":\"https:\/\/matmat54.ch\/#website\"},\"datePublished\":\"2025-10-01T18:24:27+00:00\",\"dateModified\":\"2026-03-28T03:19:06+00:00\",\"breadcrumb\":{\"@id\":\"https:\/\/matmat54.ch\/index.php\/da-dunne\/#breadcrumb\"},\"inLanguage\":\"de\",\"potentialAction\":[{\"@type\":\"ReadAction\",\"target\":[\"https:\/\/matmat54.ch\/index.php\/da-dunne\/\"]}]},{\"@type\":\"BreadcrumbList\",\"@id\":\"https:\/\/matmat54.ch\/index.php\/da-dunne\/#breadcrumb\",\"itemListElement\":[{\"@type\":\"ListItem\",\"position\":1,\"name\":\"Startseite\",\"item\":\"https:\/\/matmat54.ch\/\"},{\"@type\":\"ListItem\",\"position\":2,\"name\":\"Da und Dunne\"}]},{\"@type\":\"WebSite\",\"@id\":\"https:\/\/matmat54.ch\/#website\",\"url\":\"https:\/\/matmat54.ch\/\",\"name\":\"Matej Matolic\",\"description\":\"Portfolio\",\"publisher\":{\"@id\":\"https:\/\/matmat54.ch\/#\/schema\/person\/7d2d744e0437f5ffeeb4c1bc74b075f5\"},\"potentialAction\":[{\"@type\":\"SearchAction\",\"target\":{\"@type\":\"EntryPoint\",\"urlTemplate\":\"https:\/\/matmat54.ch\/?s={search_term_string}\"},\"query-input\":{\"@type\":\"PropertyValueSpecification\",\"valueRequired\":true,\"valueName\":\"search_term_string\"}}],\"inLanguage\":\"de\"},{\"@type\":[\"Person\",\"Organization\"],\"@id\":\"https:\/\/matmat54.ch\/#\/schema\/person\/7d2d744e0437f5ffeeb4c1bc74b075f5\",\"name\":\"admin\",\"image\":{\"@type\":\"ImageObject\",\"inLanguage\":\"de\",\"@id\":\"https:\/\/matmat54.ch\/wp-content\/uploads\/2025\/09\/matmat.png\",\"url\":\"https:\/\/matmat54.ch\/wp-content\/uploads\/2025\/09\/matmat.png\",\"contentUrl\":\"https:\/\/matmat54.ch\/wp-content\/uploads\/2025\/09\/matmat.png\",\"width\":1024,\"height\":1024,\"caption\":\"admin\"},\"logo\":{\"@id\":\"https:\/\/matmat54.ch\/wp-content\/uploads\/2025\/09\/matmat.png\"},\"sameAs\":[\"https:\/\/matmat54.ch\",\"https:\/\/www.linkedin.com\/in\/matej-matolic-b41049220\/\"]}]}<\/script>\n<!-- \/ Yoast SEO plugin. -->","yoast_head_json":{"title":"Da und Dunne - Matej Matolic","robots":{"index":"index","follow":"follow","max-snippet":"max-snippet:-1","max-image-preview":"max-image-preview:large","max-video-preview":"max-video-preview:-1"},"canonical":"https:\/\/matmat54.ch\/index.php\/da-dunne\/","og_locale":"de_DE","og_type":"article","og_title":"Da und Dunne - Matej Matolic","og_description":"Da &amp; Dunne Podcast Mein erster Freelance-Auftrag war ein ganz besonderer Moment f\u00fcr mich. Durch meine pers\u00f6nliche Bekanntschaft mit&nbsp;Sven Ivani\u0107&nbsp;bekam ich die M\u00f6glichkeit, gemeinsam mit ihm und&nbsp;Jozo Brica&nbsp;an ihrem neuen Podcast-Projekt zu arbeiten. Ich \u00fcbernahm dabei die&nbsp;Post-Production, also das&nbsp;Schneiden des Podcasts, das&nbsp;Extrahieren der Audiospur&nbsp;sowie die&nbsp;Erstellung von Reels&nbsp;mit&nbsp;knalligen Schnitten, passenden Emojis und eing\u00e4ngigen Momenten. Ziel war [&hellip;]","og_url":"https:\/\/matmat54.ch\/index.php\/da-dunne\/","og_site_name":"Matej Matolic","article_modified_time":"2026-03-28T03:19:06+00:00","twitter_card":"summary_large_image","twitter_misc":{"Gesch\u00e4tzte Lesezeit":"1\u00a0Minute"},"schema":{"@context":"https:\/\/schema.org","@graph":[{"@type":"WebPage","@id":"https:\/\/matmat54.ch\/index.php\/da-dunne\/","url":"https:\/\/matmat54.ch\/index.php\/da-dunne\/","name":"Da und Dunne - Matej Matolic","isPartOf":{"@id":"https:\/\/matmat54.ch\/#website"},"datePublished":"2025-10-01T18:24:27+00:00","dateModified":"2026-03-28T03:19:06+00:00","breadcrumb":{"@id":"https:\/\/matmat54.ch\/index.php\/da-dunne\/#breadcrumb"},"inLanguage":"de","potentialAction":[{"@type":"ReadAction","target":["https:\/\/matmat54.ch\/index.php\/da-dunne\/"]}]},{"@type":"BreadcrumbList","@id":"https:\/\/matmat54.ch\/index.php\/da-dunne\/#breadcrumb","itemListElement":[{"@type":"ListItem","position":1,"name":"Startseite","item":"https:\/\/matmat54.ch\/"},{"@type":"ListItem","position":2,"name":"Da und Dunne"}]},{"@type":"WebSite","@id":"https:\/\/matmat54.ch\/#website","url":"https:\/\/matmat54.ch\/","name":"Matej Matolic","description":"Portfolio","publisher":{"@id":"https:\/\/matmat54.ch\/#\/schema\/person\/7d2d744e0437f5ffeeb4c1bc74b075f5"},"potentialAction":[{"@type":"SearchAction","target":{"@type":"EntryPoint","urlTemplate":"https:\/\/matmat54.ch\/?s={search_term_string}"},"query-input":{"@type":"PropertyValueSpecification","valueRequired":true,"valueName":"search_term_string"}}],"inLanguage":"de"},{"@type":["Person","Organization"],"@id":"https:\/\/matmat54.ch\/#\/schema\/person\/7d2d744e0437f5ffeeb4c1bc74b075f5","name":"admin","image":{"@type":"ImageObject","inLanguage":"de","@id":"https:\/\/matmat54.ch\/wp-content\/uploads\/2025\/09\/matmat.png","url":"https:\/\/matmat54.ch\/wp-content\/uploads\/2025\/09\/matmat.png","contentUrl":"https:\/\/matmat54.ch\/wp-content\/uploads\/2025\/09\/matmat.png","width":1024,"height":1024,"caption":"admin"},"logo":{"@id":"https:\/\/matmat54.ch\/wp-content\/uploads\/2025\/09\/matmat.png"},"sameAs":["https:\/\/matmat54.ch","https:\/\/www.linkedin.com\/in\/matej-matolic-b41049220\/"]}]}},"brizy_media":[{"id":535,"url":"https:\/\/matmat54.ch\/wp-content\/uploads\/2025\/10\/vm-beratung-demo-1.jpg","name":"vm-beratung-demo-1.jpg","meta":{"brizy_attachment_uid":"wp-bb04b17868e0c3b9ff14dde473f76057.jpg","brizy_post_uid":["e2585021b35a42f0aa5ca3b72c381158"]}},{"id":536,"url":"https:\/\/matmat54.ch\/wp-content\/uploads\/2025\/10\/vm-beratung-demo-2.jpg","name":"vm-beratung-demo-2.jpg","meta":{"brizy_attachment_uid":"wp-d159dfba224a9883416dcfd6dd98e591.jpg","brizy_post_uid":["e2585021b35a42f0aa5ca3b72c381158"]}}],"_links":{"self":[{"href":"https:\/\/matmat54.ch\/index.php\/wp-json\/wp\/v2\/pages\/459","targetHints":{"allow":["GET"]}}],"collection":[{"href":"https:\/\/matmat54.ch\/index.php\/wp-json\/wp\/v2\/pages"}],"about":[{"href":"https:\/\/matmat54.ch\/index.php\/wp-json\/wp\/v2\/types\/page"}],"author":[{"embeddable":true,"href":"https:\/\/matmat54.ch\/index.php\/wp-json\/wp\/v2\/users\/1"}],"replies":[{"embeddable":true,"href":"https:\/\/matmat54.ch\/index.php\/wp-json\/wp\/v2\/comments?post=459"}],"version-history":[{"count":0,"href":"https:\/\/matmat54.ch\/index.php\/wp-json\/wp\/v2\/pages\/459\/revisions"}],"wp:attachment":[{"href":"https:\/\/matmat54.ch\/index.php\/wp-json\/wp\/v2\/media?parent=459"}],"curies":[{"name":"wp","href":"https:\/\/api.w.org\/{rel}","templated":true}]}}