{"id":464,"date":"2025-10-01T18:27:03","date_gmt":"2025-10-01T18:27:03","guid":{"rendered":"https:\/\/matmat54.ch\/?page_id=464"},"modified":"2026-03-27T18:54:57","modified_gmt":"2026-03-27T18:54:57","slug":"vm-beratung","status":"publish","type":"page","link":"https:\/\/matmat54.ch\/index.php\/vm-beratung\/","title":{"rendered":"VM Beratung"},"content":{"rendered":"<div class=\"brz brz-root__container brz-reset-all brz-root__container-page\" >\n<section id=\"eHrMBG41jNd0_eHrMBG41jNd0\" class=\"brz-section brz-css-pizr8x brz-css-9m84tt\">\n<div class=\"brz-section__content brz-section--boxed brz-css-gt6p66 brz-css-1tq1faf\" data-brz-custom-id=\"pTOPt_aFjVES\">\n<div class=\"brz-bg\">\n<div class=\"brz-bg-color\"><\/div>\n<\/div>\n<div class=\"brz-container brz-css-1p3soit brz-css-10fs37t\">\n<div id=\"\" class=\"brz-css-s4c2f8 brz-css-1c40j7 brz-wrapper\">\n<div class=\"brz-rich-text brz-rich-text__custom brz-css-1his0f6 brz-css-10l89k8\" data-brz-custom-id=\"icstw6xDUTQs\">\n<div data-brz-translate-text=\"1\">\n<p class=\"brz-bcp-color2 brz-text-lg-center brz-tp-lg-heading2 brz-css-i92l1\" data-generated-css=\"brz-css-b1F3f\" data-uniq-id=\"kWAOf\"><span style=\"color: rgba(var(--brz-global-color2),1);\" class=\"brz-cp-color2\">VM Beratung<\/span><\/p>\n<\/div>\n<\/div>\n<\/div>\n<\/div>\n<\/div>\n<\/section>\n<section id=\"vT2IEXIsZwPd_vT2IEXIsZwPd\" class=\"brz-section brz-css-135jf3v brz-css-111fy61\">\n<div class=\"brz-section__content brz-section--boxed brz-css-h11ckm brz-css-1ybivqu\" data-brz-custom-id=\"dIAUb3o4582w\">\n<div class=\"brz-bg\">\n<div class=\"brz-bg-color\"><\/div>\n<\/div>\n<div class=\"brz-container brz-css-98d97x brz-css-h15wn5\">\n<div id=\"\" class=\"brz-css-1rl4v0o brz-css-og3e5j brz-wrapper\">\n<div class=\"brz-wp__breadcrumbs brz-css-9daek1 brz-css-1pk21xb\" data-brz-custom-id=\"tScOJ70NmzxP\">\n<div style=\"min-height:20px\"><\/div>\n<\/div>\n<\/div>\n<div id=\"\" class=\"brz-css-1rl4v0o brz-css-ztobvc brz-css-xb3adl brz-wrapper\">\n<div class=\"brz-spacer brz-css-wd5i7g brz-css-1deeaxh\"><\/div>\n<\/div>\n<div class=\"brz-row__container brz-css-l8woha brz-css-hjiwe3\" data-brz-custom-id=\"aaEhyhT3b4p_\">\n<div class=\"brz-row brz-css-1uld8bb brz-css-4wwro3 brz-css-1or2xxk\">\n<div class=\"brz-columns brz-css-9a6yxb brz-css-cji5zr\" data-brz-custom-id=\"gMRKKHMk_wUS\">\n<div class=\"brz-column__items brz-css-11j9x55 brz-css-tyg5a2\">\n<div id=\"\" class=\"brz-css-1rl4v0o brz-css-1fihtk3 brz-wrapper\">\n<div class=\"brz-image brz-css-25cis3 brz-css-zdxnt0\" data-brz-custom-id=\"zBRE9TIUe6IB\"><picture class=\"brz-picture brz-d-block brz-p-relative brz-css-1xjx3sx brz-css-1ynszb5\"><source srcset=\"https:\/\/matmat54.ch\/wp-content\/uploads\/2025\/10\/vm-beratung-demo-1.jpg 1x, https:\/\/matmat54.ch\/wp-content\/uploads\/2025\/10\/vm-beratung-demo-1.jpg 2x\" media=\"(min-width: 992px)\"><source srcset=\"https:\/\/matmat54.ch\/wp-content\/uploads\/2025\/10\/vm-beratung-demo-1.jpg 1x, https:\/\/matmat54.ch\/wp-content\/uploads\/2025\/10\/vm-beratung-demo-1.jpg 2x\" media=\"(min-width: 768px)\"><img decoding=\"async\" class=\"brz-img\" srcset=\"https:\/\/matmat54.ch\/wp-content\/uploads\/2025\/10\/vm-beratung-demo-1.jpg 1x, https:\/\/matmat54.ch\/wp-content\/uploads\/2025\/10\/vm-beratung-demo-1.jpg 2x\" src=\"https:\/\/matmat54.ch\/wp-content\/uploads\/2025\/10\/vm-beratung-demo-1.jpg\" loading=\"lazy\" alt=\"\" title=\"vm-beratung-demo-1\" draggable=\"false\"><\/picture><\/div>\n<\/div>\n<\/div>\n<\/div>\n<div class=\"brz-columns brz-css-9a6yxb brz-css-gjpcua\" data-brz-custom-id=\"wjx7pg2mi39z\">\n<div class=\"brz-column__items brz-css-11j9x55 brz-css-1bby148\">\n<div id=\"\" class=\"brz-css-1rl4v0o brz-css-1h43fbx brz-wrapper\">\n<div class=\"brz-image brz-css-1m4gvi8 brz-css-1lpi5np\" data-brz-custom-id=\"jqCOL39TRSnp\"><picture class=\"brz-picture brz-d-block brz-p-relative brz-css-yaqvwx brz-css-1y02ln7\"><source srcset=\"https:\/\/matmat54.ch\/wp-content\/uploads\/2025\/10\/vm-beratung-demo-2.jpg 1x, https:\/\/matmat54.ch\/wp-content\/uploads\/2025\/10\/vm-beratung-demo-2.jpg 2x\" media=\"(min-width: 992px)\"><source srcset=\"https:\/\/matmat54.ch\/wp-content\/uploads\/2025\/10\/vm-beratung-demo-2.jpg 1x, https:\/\/matmat54.ch\/wp-content\/uploads\/2025\/10\/vm-beratung-demo-2.jpg 2x\" media=\"(min-width: 768px)\"><img decoding=\"async\" class=\"brz-img\" srcset=\"https:\/\/matmat54.ch\/wp-content\/uploads\/2025\/10\/vm-beratung-demo-2.jpg 1x, https:\/\/matmat54.ch\/wp-content\/uploads\/2025\/10\/vm-beratung-demo-2.jpg 2x\" src=\"https:\/\/matmat54.ch\/wp-content\/uploads\/2025\/10\/vm-beratung-demo-2.jpg\" loading=\"lazy\" alt=\"\" title=\"vm-beratung-demo-2\" draggable=\"false\"><\/picture><\/div>\n<\/div>\n<\/div>\n<\/div>\n<\/div>\n<\/div>\n<\/div>\n<\/div>\n<\/section>\n<section id=\"lgSxebDvZhyf_lgSxebDvZhyf\" class=\"brz-section brz-css-qaa2o0 brz-css-17e67y8\">\n<div class=\"brz-section__content brz-section--boxed brz-css-h1vwx1 brz-css-68t712\" data-brz-custom-id=\"eoGSBlXO1jKI\">\n<div class=\"brz-bg\">\n<div class=\"brz-bg-color\"><\/div>\n<\/div>\n<div class=\"brz-container brz-css-1ir95gt brz-css-1k3njnn\">\n<div id=\"\" class=\"brz-css-2853o9 brz-css-1i4oo2 brz-wrapper\">\n<div class=\"brz-rich-text brz-rich-text__custom brz-css-12oy22h brz-css-nigwvc\" data-brz-custom-id=\"zrlI7_g58tDr\">\n<div data-brz-translate-text=\"1\">\n<p class=\"brz-tp-lg-paragraph brz-css-keQMi\" data-generated-css=\"brz-css-knPbR\" data-uniq-id=\"wDPfD\"><span class=\"brz-cp-color7\">Ich habe meine erste Webseite f\u00fcr meine Mutter erstellt:&nbsp;vm-beratung.ch. Sie arbeitet als Sozialarbeiterin und unterst\u00fctzt kroatische Einwanderer in der Schweiz.<\/span><\/p>\n<p class=\"brz-tp-lg-paragraph brz-css-uy2Gd\" data-generated-css=\"brz-css-aKbXm\" data-uniq-id=\"kCBMq\"><span class=\"brz-cp-color7\"> <\/span><\/p>\n<p class=\"brz-tp-lg-paragraph brz-css-pimHv\" data-generated-css=\"brz-css-pwsZ5\" data-uniq-id=\"sNz1f\"><span class=\"brz-cp-color7\">Die Seite bietet verst\u00e4ndliche Informationen \u00fcber Themen wie&nbsp;AHV, IV, Pensionskasse, Arbeitslosenversicherung&nbsp;und andere&nbsp;Sozialversicherungen. Alles ist auf&nbsp;Kroatisch, damit die Inhalte f\u00fcr ihre Zielgruppe leicht zug\u00e4nglich sind.<\/span><\/p>\n<p class=\"brz-tp-lg-paragraph brz-css-tQjbM\" data-generated-css=\"brz-css-ujn8c\" data-uniq-id=\"bmBse\"><span class=\"brz-cp-color7\"> <\/span><\/p>\n<p class=\"brz-tp-lg-paragraph brz-css-ktj0X\" data-generated-css=\"brz-css-ooqZX\" data-uniq-id=\"bo25Q\"><span class=\"brz-cp-color7\">Ich war verantwortlich f\u00fcr&nbsp;Konzept, Design, Texte und technische Umsetzung. Das Ziel war eine einfache, klare und hilfreiche Plattform zu schaffen, die Orientierung gibt und Vertrauen aufbaut.<\/span><\/p>\n<p class=\"brz-tp-lg-paragraph brz-css-g1_4G\" data-generated-css=\"brz-css-ppXWw\" data-uniq-id=\"sNV4M\"><span class=\"brz-cp-color7\"> <\/span><\/p>\n<p class=\"brz-tp-lg-paragraph brz-css-pOTJ4\" data-generated-css=\"brz-css-v3jDq\" data-uniq-id=\"y31_a\"><span class=\"brz-cp-color7\">Dieses Projekt hat mir gezeigt, wie man komplexe Inhalte verst\u00e4ndlich aufbereitet und wie viel Wirkung sowie Aufwand eine gut gestaltete Webseite haben kann.<\/span><\/p>\n<p data-generated-css=\"brz-css-aY27a\" data-uniq-id=\"viJtH\" class=\"brz-tp-lg-paragraph brz-css-mlb_Z\"><span class=\"brz-cp-color7\"> <\/span><\/p>\n<p data-generated-css=\"brz-css-o0tn7\" data-uniq-id=\"jOcKh\" class=\"brz-tp-lg-paragraph brz-css-zTbTS\"><span class=\"brz-cp-color7\">Zur Webseite:<\/span><\/p>\n<p data-generated-css=\"brz-css-ja0A0\" data-uniq-id=\"zwkl0\" class=\"brz-tp-lg-paragraph brz-css-c75xE\"><span class=\"brz-cp-color7\"> <\/span><\/p>\n<ul>\n<li data-generated-css=\"brz-css-bO51A\" data-uniq-id=\"jMIF1\" class=\"brz-tp-lg-empty brz-ff-montserrat brz-ft-google brz-fs-lg-18 brz-fss-lg-px brz-fw-lg-500 brz-ls-lg-0 brz-lh-lg-1_9 brz-vfw-lg-400 brz-fwdth-lg-100 brz-fsft-lg-0 brz-bcp-color3 brz-css-qSF0F\" style=\"color: rgba(var(--brz-global-color3),1);\"><a class=\"brz-cp-color3 brz-underline-true link--external\" style=\"color: rgba(var(--brz-global-color3),1);\" href=\"https:\/\/vm-beratung.ch\" data-brz-link-type=\"external\" target=\"_blank\" rel=\"noreferrer noopener\"><u>vm-beratung.ch<\/u><\/a><\/li>\n<\/ul>\n<\/div>\n<\/div>\n<\/div>\n<\/div>\n<\/div>\n<\/section><\/div>\n<p><!-- version:1760012521 --><\/p>\n","protected":false},"excerpt":{"rendered":"<p>VM Beratung Ich habe meine erste Webseite f\u00fcr meine Mutter erstellt:&nbsp;vm-beratung.ch. Sie arbeitet als Sozialarbeiterin und unterst\u00fctzt kroatische Einwanderer in der Schweiz. Die Seite bietet verst\u00e4ndliche Informationen \u00fcber Themen wie&nbsp;AHV, IV, Pensionskasse, Arbeitslosenversicherung&nbsp;und andere&nbsp;Sozialversicherungen. Alles ist auf&nbsp;Kroatisch, damit die Inhalte f\u00fcr ihre Zielgruppe leicht zug\u00e4nglich sind. Ich war verantwortlich f\u00fcr&nbsp;Konzept, Design, Texte und technische Umsetzung. [&hellip;]<\/p>\n","protected":false},"author":1,"featured_media":0,"parent":0,"menu_order":0,"comment_status":"closed","ping_status":"closed","template":"brizy-blank-template.php","meta":{"footnotes":""},"class_list":["post-464","page","type-page","status-publish","hentry"],"blocksy_meta":[],"yoast_head":"<!-- This site is optimized with the Yoast SEO plugin v27.2 - https:\/\/yoast.com\/product\/yoast-seo-wordpress\/ -->\n<title>VM Beratung - Matej Matolic<\/title>\n<meta name=\"robots\" content=\"index, follow, max-snippet:-1, max-image-preview:large, max-video-preview:-1\" \/>\n<link rel=\"canonical\" href=\"https:\/\/matmat54.ch\/index.php\/vm-beratung\/\" \/>\n<meta property=\"og:locale\" content=\"de_DE\" \/>\n<meta property=\"og:type\" content=\"article\" \/>\n<meta property=\"og:title\" content=\"VM Beratung - Matej Matolic\" \/>\n<meta property=\"og:description\" content=\"VM Beratung Ich habe meine erste Webseite f\u00fcr meine Mutter erstellt:&nbsp;vm-beratung.ch. Sie arbeitet als Sozialarbeiterin und unterst\u00fctzt kroatische Einwanderer in der Schweiz. Die Seite bietet verst\u00e4ndliche Informationen \u00fcber Themen wie&nbsp;AHV, IV, Pensionskasse, Arbeitslosenversicherung&nbsp;und andere&nbsp;Sozialversicherungen. Alles ist auf&nbsp;Kroatisch, damit die Inhalte f\u00fcr ihre Zielgruppe leicht zug\u00e4nglich sind. Ich war verantwortlich f\u00fcr&nbsp;Konzept, Design, Texte und technische Umsetzung. [&hellip;]\" \/>\n<meta property=\"og:url\" content=\"https:\/\/matmat54.ch\/index.php\/vm-beratung\/\" \/>\n<meta property=\"og:site_name\" content=\"Matej Matolic\" \/>\n<meta property=\"article:modified_time\" content=\"2026-03-27T18:54:57+00:00\" \/>\n<meta property=\"og:image\" content=\"https:\/\/matmat54.ch\/wp-content\/uploads\/2025\/10\/vm-beratung-demo-1.jpg\" \/>\n<meta name=\"twitter:card\" content=\"summary_large_image\" \/>\n<meta name=\"twitter:label1\" content=\"Gesch\u00e4tzte Lesezeit\" \/>\n\t<meta name=\"twitter:data1\" content=\"1\u00a0Minute\" \/>\n<script type=\"application\/ld+json\" class=\"yoast-schema-graph\">{\"@context\":\"https:\/\/schema.org\",\"@graph\":[{\"@type\":\"WebPage\",\"@id\":\"https:\/\/matmat54.ch\/index.php\/vm-beratung\/\",\"url\":\"https:\/\/matmat54.ch\/index.php\/vm-beratung\/\",\"name\":\"VM Beratung - Matej Matolic\",\"isPartOf\":{\"@id\":\"https:\/\/matmat54.ch\/#website\"},\"primaryImageOfPage\":{\"@id\":\"https:\/\/matmat54.ch\/index.php\/vm-beratung\/#primaryimage\"},\"image\":{\"@id\":\"https:\/\/matmat54.ch\/index.php\/vm-beratung\/#primaryimage\"},\"thumbnailUrl\":\"https:\/\/matmat54.ch\/wp-content\/uploads\/2025\/10\/vm-beratung-demo-1.jpg\",\"datePublished\":\"2025-10-01T18:27:03+00:00\",\"dateModified\":\"2026-03-27T18:54:57+00:00\",\"breadcrumb\":{\"@id\":\"https:\/\/matmat54.ch\/index.php\/vm-beratung\/#breadcrumb\"},\"inLanguage\":\"de\",\"potentialAction\":[{\"@type\":\"ReadAction\",\"target\":[\"https:\/\/matmat54.ch\/index.php\/vm-beratung\/\"]}]},{\"@type\":\"ImageObject\",\"inLanguage\":\"de\",\"@id\":\"https:\/\/matmat54.ch\/index.php\/vm-beratung\/#primaryimage\",\"url\":\"https:\/\/matmat54.ch\/wp-content\/uploads\/2025\/10\/vm-beratung-demo-1.jpg\",\"contentUrl\":\"https:\/\/matmat54.ch\/wp-content\/uploads\/2025\/10\/vm-beratung-demo-1.jpg\",\"width\":1325,\"height\":1270},{\"@type\":\"BreadcrumbList\",\"@id\":\"https:\/\/matmat54.ch\/index.php\/vm-beratung\/#breadcrumb\",\"itemListElement\":[{\"@type\":\"ListItem\",\"position\":1,\"name\":\"Startseite\",\"item\":\"https:\/\/matmat54.ch\/\"},{\"@type\":\"ListItem\",\"position\":2,\"name\":\"VM Beratung\"}]},{\"@type\":\"WebSite\",\"@id\":\"https:\/\/matmat54.ch\/#website\",\"url\":\"https:\/\/matmat54.ch\/\",\"name\":\"Matej Matolic\",\"description\":\"Portfolio\",\"publisher\":{\"@id\":\"https:\/\/matmat54.ch\/#\/schema\/person\/7d2d744e0437f5ffeeb4c1bc74b075f5\"},\"potentialAction\":[{\"@type\":\"SearchAction\",\"target\":{\"@type\":\"EntryPoint\",\"urlTemplate\":\"https:\/\/matmat54.ch\/?s={search_term_string}\"},\"query-input\":{\"@type\":\"PropertyValueSpecification\",\"valueRequired\":true,\"valueName\":\"search_term_string\"}}],\"inLanguage\":\"de\"},{\"@type\":[\"Person\",\"Organization\"],\"@id\":\"https:\/\/matmat54.ch\/#\/schema\/person\/7d2d744e0437f5ffeeb4c1bc74b075f5\",\"name\":\"admin\",\"image\":{\"@type\":\"ImageObject\",\"inLanguage\":\"de\",\"@id\":\"https:\/\/matmat54.ch\/wp-content\/uploads\/2025\/09\/matmat.png\",\"url\":\"https:\/\/matmat54.ch\/wp-content\/uploads\/2025\/09\/matmat.png\",\"contentUrl\":\"https:\/\/matmat54.ch\/wp-content\/uploads\/2025\/09\/matmat.png\",\"width\":1024,\"height\":1024,\"caption\":\"admin\"},\"logo\":{\"@id\":\"https:\/\/matmat54.ch\/wp-content\/uploads\/2025\/09\/matmat.png\"},\"sameAs\":[\"https:\/\/matmat54.ch\",\"https:\/\/www.linkedin.com\/in\/matej-matolic-b41049220\/\"]}]}<\/script>\n<!-- \/ Yoast SEO plugin. -->","yoast_head_json":{"title":"VM Beratung - Matej Matolic","robots":{"index":"index","follow":"follow","max-snippet":"max-snippet:-1","max-image-preview":"max-image-preview:large","max-video-preview":"max-video-preview:-1"},"canonical":"https:\/\/matmat54.ch\/index.php\/vm-beratung\/","og_locale":"de_DE","og_type":"article","og_title":"VM Beratung - Matej Matolic","og_description":"VM Beratung Ich habe meine erste Webseite f\u00fcr meine Mutter erstellt:&nbsp;vm-beratung.ch. Sie arbeitet als Sozialarbeiterin und unterst\u00fctzt kroatische Einwanderer in der Schweiz. Die Seite bietet verst\u00e4ndliche Informationen \u00fcber Themen wie&nbsp;AHV, IV, Pensionskasse, Arbeitslosenversicherung&nbsp;und andere&nbsp;Sozialversicherungen. Alles ist auf&nbsp;Kroatisch, damit die Inhalte f\u00fcr ihre Zielgruppe leicht zug\u00e4nglich sind. Ich war verantwortlich f\u00fcr&nbsp;Konzept, Design, Texte und technische Umsetzung. [&hellip;]","og_url":"https:\/\/matmat54.ch\/index.php\/vm-beratung\/","og_site_name":"Matej Matolic","article_modified_time":"2026-03-27T18:54:57+00:00","og_image":[{"url":"https:\/\/matmat54.ch\/wp-content\/uploads\/2025\/10\/vm-beratung-demo-1.jpg","type":"","width":"","height":""}],"twitter_card":"summary_large_image","twitter_misc":{"Gesch\u00e4tzte Lesezeit":"1\u00a0Minute"},"schema":{"@context":"https:\/\/schema.org","@graph":[{"@type":"WebPage","@id":"https:\/\/matmat54.ch\/index.php\/vm-beratung\/","url":"https:\/\/matmat54.ch\/index.php\/vm-beratung\/","name":"VM Beratung - Matej Matolic","isPartOf":{"@id":"https:\/\/matmat54.ch\/#website"},"primaryImageOfPage":{"@id":"https:\/\/matmat54.ch\/index.php\/vm-beratung\/#primaryimage"},"image":{"@id":"https:\/\/matmat54.ch\/index.php\/vm-beratung\/#primaryimage"},"thumbnailUrl":"https:\/\/matmat54.ch\/wp-content\/uploads\/2025\/10\/vm-beratung-demo-1.jpg","datePublished":"2025-10-01T18:27:03+00:00","dateModified":"2026-03-27T18:54:57+00:00","breadcrumb":{"@id":"https:\/\/matmat54.ch\/index.php\/vm-beratung\/#breadcrumb"},"inLanguage":"de","potentialAction":[{"@type":"ReadAction","target":["https:\/\/matmat54.ch\/index.php\/vm-beratung\/"]}]},{"@type":"ImageObject","inLanguage":"de","@id":"https:\/\/matmat54.ch\/index.php\/vm-beratung\/#primaryimage","url":"https:\/\/matmat54.ch\/wp-content\/uploads\/2025\/10\/vm-beratung-demo-1.jpg","contentUrl":"https:\/\/matmat54.ch\/wp-content\/uploads\/2025\/10\/vm-beratung-demo-1.jpg","width":1325,"height":1270},{"@type":"BreadcrumbList","@id":"https:\/\/matmat54.ch\/index.php\/vm-beratung\/#breadcrumb","itemListElement":[{"@type":"ListItem","position":1,"name":"Startseite","item":"https:\/\/matmat54.ch\/"},{"@type":"ListItem","position":2,"name":"VM Beratung"}]},{"@type":"WebSite","@id":"https:\/\/matmat54.ch\/#website","url":"https:\/\/matmat54.ch\/","name":"Matej Matolic","description":"Portfolio","publisher":{"@id":"https:\/\/matmat54.ch\/#\/schema\/person\/7d2d744e0437f5ffeeb4c1bc74b075f5"},"potentialAction":[{"@type":"SearchAction","target":{"@type":"EntryPoint","urlTemplate":"https:\/\/matmat54.ch\/?s={search_term_string}"},"query-input":{"@type":"PropertyValueSpecification","valueRequired":true,"valueName":"search_term_string"}}],"inLanguage":"de"},{"@type":["Person","Organization"],"@id":"https:\/\/matmat54.ch\/#\/schema\/person\/7d2d744e0437f5ffeeb4c1bc74b075f5","name":"admin","image":{"@type":"ImageObject","inLanguage":"de","@id":"https:\/\/matmat54.ch\/wp-content\/uploads\/2025\/09\/matmat.png","url":"https:\/\/matmat54.ch\/wp-content\/uploads\/2025\/09\/matmat.png","contentUrl":"https:\/\/matmat54.ch\/wp-content\/uploads\/2025\/09\/matmat.png","width":1024,"height":1024,"caption":"admin"},"logo":{"@id":"https:\/\/matmat54.ch\/wp-content\/uploads\/2025\/09\/matmat.png"},"sameAs":["https:\/\/matmat54.ch","https:\/\/www.linkedin.com\/in\/matej-matolic-b41049220\/"]}]}},"brizy_media":[{"id":535,"url":"https:\/\/matmat54.ch\/wp-content\/uploads\/2025\/10\/vm-beratung-demo-1.jpg","name":"vm-beratung-demo-1.jpg","meta":{"brizy_attachment_uid":"wp-bb04b17868e0c3b9ff14dde473f76057.jpg","brizy_post_uid":["e2585021b35a42f0aa5ca3b72c381158"]}},{"id":536,"url":"https:\/\/matmat54.ch\/wp-content\/uploads\/2025\/10\/vm-beratung-demo-2.jpg","name":"vm-beratung-demo-2.jpg","meta":{"brizy_attachment_uid":"wp-d159dfba224a9883416dcfd6dd98e591.jpg","brizy_post_uid":["e2585021b35a42f0aa5ca3b72c381158"]}}],"_links":{"self":[{"href":"https:\/\/matmat54.ch\/index.php\/wp-json\/wp\/v2\/pages\/464","targetHints":{"allow":["GET"]}}],"collection":[{"href":"https:\/\/matmat54.ch\/index.php\/wp-json\/wp\/v2\/pages"}],"about":[{"href":"https:\/\/matmat54.ch\/index.php\/wp-json\/wp\/v2\/types\/page"}],"author":[{"embeddable":true,"href":"https:\/\/matmat54.ch\/index.php\/wp-json\/wp\/v2\/users\/1"}],"replies":[{"embeddable":true,"href":"https:\/\/matmat54.ch\/index.php\/wp-json\/wp\/v2\/comments?post=464"}],"version-history":[{"count":0,"href":"https:\/\/matmat54.ch\/index.php\/wp-json\/wp\/v2\/pages\/464\/revisions"}],"wp:attachment":[{"href":"https:\/\/matmat54.ch\/index.php\/wp-json\/wp\/v2\/media?parent=464"}],"curies":[{"name":"wp","href":"https:\/\/api.w.org\/{rel}","templated":true}]}}